{"id":644,"date":"2018-06-18T14:12:35","date_gmt":"2018-06-18T17:12:35","guid":{"rendered":"https:\/\/isfd6031-sal.infd.edu.ar\/sitio\/?page_id=644"},"modified":"2021-10-21T11:34:43","modified_gmt":"2021-10-21T14:34:43","slug":"catalogo","status":"publish","type":"page","link":"https:\/\/isfd6031-sal.infd.edu.ar\/sitio\/catalogo\/","title":{"rendered":"Carreras"},"content":{"rendered":"\n<ul><li><em><strong><a href=\"https:\/\/dges-sal.infd.edu.ar\/sitio\/profesorados\/upload\/Res._3126-14_Prof._de_Educ._Secundaria_en_Lengua_y_Literatura.pdf\">Profesorado de Educaci\u00f3n Secundaria en Lengua y Literatura<\/a><\/strong><\/em><\/li><\/ul>\n\n\n\n<ul><li><em><strong><a href=\"https:\/\/dges-sal.infd.edu.ar\/sitio\/profesorados\/upload\/Res-807-14_Prof._GEOGRAFIA.pdf\">Profesorado de Educaci\u00f3n Secundaria en Geograf\u00eda<\/a><\/strong><\/em><\/li><\/ul>\n\n\n\n<ul><li><strong><em><a href=\"https:\/\/dges-sal.infd.edu.ar\/sitio\/tecnicaturas\/upload\/tecsupensoporteymantenimientoinformatico-res903.pdf\">Tecnicatura Superior en Soporte y Mantenimiento Inform\u00e1tico<\/a><\/em><\/strong><\/li><\/ul>\n","protected":false},"excerpt":{"rendered":"<p>Profesorado de Educaci\u00f3n Secundaria en Lengua y Literatura Profesorado de Educaci\u00f3n Secundaria en Geograf\u00eda Tecnicatura Superior en Soporte y Mantenimiento Inform\u00e1tico<\/p>\n","protected":false},"author":1,"featured_media":0,"parent":0,"menu_order":0,"comment_status":"closed","ping_status":"closed","template":"","meta":[],"acf":[],"_links":{"self":[{"href":"https:\/\/isfd6031-sal.infd.edu.ar\/sitio\/wp-json\/wp\/v2\/pages\/644"}],"collection":[{"href":"https:\/\/isfd6031-sal.infd.edu.ar\/sitio\/wp-json\/wp\/v2\/pages"}],"about":[{"href":"https:\/\/isfd6031-sal.infd.edu.ar\/sitio\/wp-json\/wp\/v2\/types\/page"}],"author":[{"embeddable":true,"href":"https:\/\/isfd6031-sal.infd.edu.ar\/sitio\/wp-json\/wp\/v2\/users\/1"}],"replies":[{"embeddable":true,"href":"https:\/\/isfd6031-sal.infd.edu.ar\/sitio\/wp-json\/wp\/v2\/comments?post=644"}],"version-history":[{"count":9,"href":"https:\/\/isfd6031-sal.infd.edu.ar\/sitio\/wp-json\/wp\/v2\/pages\/644\/revisions"}],"predecessor-version":[{"id":846,"href":"https:\/\/isfd6031-sal.infd.edu.ar\/sitio\/wp-json\/wp\/v2\/pages\/644\/revisions\/846"}],"wp:attachment":[{"href":"https:\/\/isfd6031-sal.infd.edu.ar\/sitio\/wp-json\/wp\/v2\/media?parent=644"}],"curies":[{"name":"wp","href":"https:\/\/api.w.org\/{rel}","templated":true}]}}